{"id":116,"date":"2020-06-09T07:17:39","date_gmt":"2020-06-09T05:17:39","guid":{"rendered":"https:\/\/www.baustoff-metall.hu\/en\/?page_id=116"},"modified":"2020-06-15T12:06:38","modified_gmt":"2020-06-15T10:06:38","slug":"consulting-2","status":"publish","type":"page","link":"https:\/\/www.baustoff-metall.hu\/en\/services\/consulting-2\/","title":{"rendered":"Consultation Services"},"content":{"rendered":"\n<div class=\"wp-block-columns is-layout-flex wp-container-core-columns-is-layout-9d6595d7 wp-block-columns-is-layout-flex\">\n<div class=\"wp-block-column is-layout-flow wp-block-column-is-layout-flow\">\n<p>At B + M Hung\u00e1ria Kft you get not only innovative products, but also\ncomprehensive and professional advice.<\/p>\n\n\n\n<h2 class=\"wp-block-heading\">B + M Hung\u00e1ria Kft. &#8211; reliable, flexible, unique<\/h2>\n\n\n\n<p>The engineer team of B + M Hung\u00e1ria Kft deal with system solutions and\nnew ideas in the field of interior design. We are constantly working to provide\nthe best, future-oriented solutions to our architects and customers with\ntargeted advice &#8211; even to meet the most stringent requirements.<\/p>\n<\/div>\n\n\n\n<div class=\"wp-block-column is-layout-flow wp-block-column-is-layout-flow\">\n<h3 class=\"wp-block-heading\">Know-how from\nthe basement to the roof<\/h3>\n\n\n\n<p>Our specialists\ncome from different fields, so we offer you the know-how in the field of dry\nconstruction from the basement to the attic.<\/p>\n\n\n\n<p>The colleagues\nof B + M Hung\u00e1ria Kft deal with the products and projects of the following\nareas:<\/p>\n\n\n\n<ul class=\"wp-block-list\"><li>acoustic ceilings<\/li><li>fire protection solutions<\/li><li>heating and cooling ceilings<\/li><li>plastering and cold cladding systems<\/li><li>concrete Repair<\/li><\/ul>\n<\/div>\n<\/div>\n","protected":false},"excerpt":{"rendered":"<p>At B + M Hung\u00e1ria Kft you get not only innovative products, but also comprehensive and professional advice. B + M Hung\u00e1ria Kft. &#8211; reliable, flexible, unique The engineer team of B + M Hung\u00e1ria Kft deal with system solutions and new ideas in the field of interior design. We are constantly working to provide [&hellip;]<\/p>\n","protected":false},"author":1,"featured_media":117,"parent":37,"menu_order":0,"comment_status":"closed","ping_status":"closed","template":"","meta":{"footnotes":""},"class_list":["post-116","page","type-page","status-publish","has-post-thumbnail","hentry"],"aioseo_notices":[],"publishpress_future_action":{"enabled":false,"date":"2026-05-10 15:20:46","action":"change-status","newStatus":"draft","terms":[],"taxonomy":"","extraData":[]},"publishpress_future_workflow_manual_trigger":{"enabledWorkflows":[]},"_links":{"self":[{"href":"https:\/\/www.baustoff-metall.hu\/en\/wp-json\/wp\/v2\/pages\/116","targetHints":{"allow":["GET"]}}],"collection":[{"href":"https:\/\/www.baustoff-metall.hu\/en\/wp-json\/wp\/v2\/pages"}],"about":[{"href":"https:\/\/www.baustoff-metall.hu\/en\/wp-json\/wp\/v2\/types\/page"}],"author":[{"embeddable":true,"href":"https:\/\/www.baustoff-metall.hu\/en\/wp-json\/wp\/v2\/users\/1"}],"replies":[{"embeddable":true,"href":"https:\/\/www.baustoff-metall.hu\/en\/wp-json\/wp\/v2\/comments?post=116"}],"version-history":[{"count":4,"href":"https:\/\/www.baustoff-metall.hu\/en\/wp-json\/wp\/v2\/pages\/116\/revisions"}],"predecessor-version":[{"id":223,"href":"https:\/\/www.baustoff-metall.hu\/en\/wp-json\/wp\/v2\/pages\/116\/revisions\/223"}],"up":[{"embeddable":true,"href":"https:\/\/www.baustoff-metall.hu\/en\/wp-json\/wp\/v2\/pages\/37"}],"wp:featuredmedia":[{"embeddable":true,"href":"https:\/\/www.baustoff-metall.hu\/en\/wp-json\/wp\/v2\/media\/117"}],"wp:attachment":[{"href":"https:\/\/www.baustoff-metall.hu\/en\/wp-json\/wp\/v2\/media?parent=116"}],"curies":[{"name":"wp","href":"https:\/\/api.w.org\/{rel}","templated":true}]}}