{"id":2,"date":"2020-04-03T12:17:44","date_gmt":"2020-04-03T10:17:44","guid":{"rendered":"https:\/\/www.baustoff-metall.hu\/en\/?page_id=2"},"modified":"2020-09-09T14:39:44","modified_gmt":"2020-09-09T12:39:44","slug":"beispiel-seite","status":"publish","type":"page","link":"https:\/\/www.baustoff-metall.hu\/en\/","title":{"rendered":"Home"},"content":{"rendered":"\n<div class=\"wp-block-tma-bm-bg-grau bg-gray\"><div class=\"container\">\n<div class=\"wp-block-columns is-layout-flex wp-container-core-columns-is-layout-9d6595d7 wp-block-columns-is-layout-flex\">\n<div class=\"wp-block-column is-layout-flow wp-block-column-is-layout-flow\"><h2><a href=\"https:\/\/www.baustoff-metall.hu\/en\/warehouse-investment\/\" title=\"Warehouse investment\">Warehouse investment<\/a><\/h2>\n\t\t\t<a href=\"https:\/\/www.baustoff-metall.hu\/en\/warehouse-investment\/\" title=\"Warehouse investment\"><figure class=\"wp-block-image size-full\"><img decoding=\"async\" src=\"https:\/\/www.baustoff-metall.hu\/en\/wp-content\/uploads\/sites\/2\/warehouse-400x200.jpg\" alt=\"Warehouse investment\"><\/figure><\/a><div class=\"wp-block-button\"><a class=\"wp-block-button__link\" href=\"https:\/\/www.baustoff-metall.hu\/en\/warehouse-investment\/\">Read article<\/a><\/div>\n<\/div>\n\n\n\n<div class=\"wp-block-column is-layout-flow wp-block-column-is-layout-flow\">\n<h2 class=\"wp-block-heading\"><a href=\"https:\/\/www.baustoff-metall.hu\/en\/products\/\">Products<\/a><\/h2>\n\n\n\n<figure class=\"wp-block-image size-thumb-start\"><a href=\"https:\/\/www.baustoff-metall.hu\/en\/products\/\"><img loading=\"lazy\" decoding=\"async\" width=\"400\" height=\"200\" src=\"https:\/\/www.baustoff-metall.hu\/en\/wp-content\/uploads\/sites\/2\/products-400x200.jpg\" alt=\"Products\" class=\"wp-image-52\"\/><\/a><\/figure>\n\n\n\n<div class=\"wp-block-button\"><a class=\"wp-block-button__link\" href=\"https:\/\/www.baustoff-metall.hu\/en\/products\/\">More information<\/a><\/div>\n<\/div>\n\n\n\n<div class=\"wp-block-column is-layout-flow wp-block-column-is-layout-flow\">\n<h2 class=\"wp-block-heading\"><a href=\"https:\/\/www.baustoff-metall.hu\/en\/locations\/\">Locations<\/a><\/h2>\n\n\n\n<figure class=\"wp-block-image size-thumb-start\"><a href=\"https:\/\/www.baustoff-metall.hu\/en\/locations\/\"><img loading=\"lazy\" decoding=\"async\" width=\"400\" height=\"200\" src=\"https:\/\/www.baustoff-metall.hu\/en\/wp-content\/uploads\/sites\/2\/main2-400x200.jpg\" alt=\"T\u00f6r\u00f6kb\u00e1lint\" class=\"wp-image-31\" srcset=\"https:\/\/www.baustoff-metall.hu\/en\/wp-content\/uploads\/sites\/2\/main2-400x200.jpg 400w, https:\/\/www.baustoff-metall.hu\/en\/wp-content\/uploads\/sites\/2\/main2-300x150.jpg 300w, https:\/\/www.baustoff-metall.hu\/en\/wp-content\/uploads\/sites\/2\/main2-768x384.jpg 768w, https:\/\/www.baustoff-metall.hu\/en\/wp-content\/uploads\/sites\/2\/main2.jpg 800w\" sizes=\"auto, (max-width: 400px) 100vw, 400px\" \/><\/a><\/figure>\n\n\n\n<div class=\"wp-block-button\"><a class=\"wp-block-button__link\" href=\"https:\/\/www.baustoff-metall.hu\/en\/locations\/\">More information<\/a><\/div>\n<\/div>\n<\/div>\n<\/div><\/div>\n","protected":false},"excerpt":{"rendered":"","protected":false},"author":1,"featured_media":0,"parent":0,"menu_order":0,"comment_status":"closed","ping_status":"open","template":"page-startseite.php","meta":{"footnotes":""},"class_list":["post-2","page","type-page","status-publish","hentry"],"aioseo_notices":[],"publishpress_future_action":{"enabled":false,"date":"2026-05-11 21:35:13","action":"change-status","newStatus":"draft","terms":[],"taxonomy":"","extraData":[]},"publishpress_future_workflow_manual_trigger":{"enabledWorkflows":[]},"_links":{"self":[{"href":"https:\/\/www.baustoff-metall.hu\/en\/wp-json\/wp\/v2\/pages\/2","targetHints":{"allow":["GET"]}}],"collection":[{"href":"https:\/\/www.baustoff-metall.hu\/en\/wp-json\/wp\/v2\/pages"}],"about":[{"href":"https:\/\/www.baustoff-metall.hu\/en\/wp-json\/wp\/v2\/types\/page"}],"author":[{"embeddable":true,"href":"https:\/\/www.baustoff-metall.hu\/en\/wp-json\/wp\/v2\/users\/1"}],"replies":[{"embeddable":true,"href":"https:\/\/www.baustoff-metall.hu\/en\/wp-json\/wp\/v2\/comments?post=2"}],"version-history":[{"count":4,"href":"https:\/\/www.baustoff-metall.hu\/en\/wp-json\/wp\/v2\/pages\/2\/revisions"}],"predecessor-version":[{"id":276,"href":"https:\/\/www.baustoff-metall.hu\/en\/wp-json\/wp\/v2\/pages\/2\/revisions\/276"}],"wp:attachment":[{"href":"https:\/\/www.baustoff-metall.hu\/en\/wp-json\/wp\/v2\/media?parent=2"}],"curies":[{"name":"wp","href":"https:\/\/api.w.org\/{rel}","templated":true}]}}